{"id":12314,"date":"2025-04-20T14:07:55","date_gmt":"2025-04-20T11:07:55","guid":{"rendered":"http:\/\/vossenstudios.com\/eng\/?page_id=12314"},"modified":"2025-10-21T04:19:02","modified_gmt":"2025-10-21T01:19:02","slug":"cookie-policy","status":"publish","type":"page","link":"https:\/\/vossenstudios.com\/eng\/cookie-policy\/","title":{"rendered":"Cookie Policy"},"content":{"rendered":"\r\n<h2 class=\"wp-block-heading\"><span class=\"HwtZe\" lang=\"et\"><span class=\"jCAhz\"><span class=\"ryNqvb\">K\u00fcpsiste kasutamise poliitika<\/span><\/span><\/span><\/h2>\r\n\r\n\r\n\r\n\r\n\r\n<p><span class=\"HwtZe\" lang=\"et\"><span class=\"jCAhz ChMk0b\"><span class=\"ryNqvb\">See k\u00fcpsisepoliitika selgitab, kuidas BEH GROUP O\u00dc (\u201cmeie\u201d, \u201cmeie\u201d v\u00f5i \u201cmeie\u201d) kasutab k\u00fcpsiseid ja sarnaseid tehnoloogiaid, et teid meie veebisaidi k\u00fclastamisel \u00e4ra tunda.<\/span><\/span> <span class=\"jCAhz ChMk0b\"><span class=\"ryNqvb\">See selgitab, mis on k\u00fcpsised, miks me neid kasutame ja kuidas saate neid kontrollida.<\/span><\/span><\/span><\/p>\r\n\r\n\r\n\r\n<h2 class=\"wp-block-heading\"><span class=\"HwtZe\" lang=\"et\"><span class=\"jCAhz ChMk0b\"><span class=\"ryNqvb\">1. Mis on k\u00fcpsised?<\/span><\/span><\/span><\/h2>\r\n\r\n\r\n\r\n<p><span class=\"HwtZe\" lang=\"et\"><span class=\"jCAhz ChMk0b\"><span class=\"ryNqvb\">K\u00fcpsised on v\u00e4ikesed andmefailid, mis asetatakse teie arvutisse v\u00f5i mobiilseadmesse, kui k\u00fclastate veebisaiti.<\/span><\/span> <span class=\"jCAhz ChMk0b\"><span class=\"ryNqvb\">Veebisaitide omanikud kasutavad k\u00fcpsiseid laialdaselt oma veebisaitide toimimiseks v\u00f5i t\u00f5husamaks muutmiseks, samuti anal\u00fc\u00fctilise teabe pakkumiseks.<\/span><\/span><\/span><\/p>\r\n\r\n\r\n\r\n<h2 class=\"wp-block-heading\"><span class=\"HwtZe\" lang=\"et\"><span class=\"jCAhz ChMk0b\"><span class=\"ryNqvb\">2. Meie kasutatavate k\u00fcpsiste t\u00fc\u00fcbid<\/span><\/span><\/span><\/h2>\r\n\r\n\r\n\r\n<h4><span class=\"HwtZe\" lang=\"et\"><span class=\"jCAhz ChMk0b\"><span class=\"ryNqvb\">H\u00e4davajalikud k\u00fcpsised:<\/span><\/span><\/span><\/h4>\r\n<p><span class=\"HwtZe\" lang=\"et\"><span class=\"jCAhz ChMk0b\"><span class=\"ryNqvb\">Need k\u00fcpsised on meie veebisaidi n\u00f5uetekohaseks toimimiseks h\u00e4davajalikud.<\/span><\/span> <span class=\"jCAhz ChMk0b\"><span class=\"ryNqvb\">Need h\u00f5lmavad turvak\u00fcpsiseid ja j\u00f5udlusek\u00fcpsiseid teenusepakkujatelt nagu Bunny.net ja Patchstack.<\/span><\/span><\/span><\/p>\r\n<h4><strong>Anal\u00fc\u00fctilised, j\u00f5udlusega seonduvad k\u00fcpsised:<\/strong><\/h4>\r\n<p><span class=\"HwtZe\" lang=\"et\"><span class=\"jCAhz ChMk0b\"><span class=\"ryNqvb\">Need k\u00fcpsised aitavad meil m\u00f5ista, kuidas k\u00fclastajad meie veebisaidiga suhtlevad, kogudes ja edastades teavet anon\u00fc\u00fcmselt.<\/span><\/span> <span class=\"jCAhz ChMk0b\"><span class=\"ryNqvb\">Kasutame Plausible Analyticsit veebisaidi toimivuse ja liikluse j\u00e4lgimiseks ilma \u00fcksikuid k\u00fclastajaid j\u00e4lgimata.<\/span><\/span><\/span><\/p>\r\n<h2 class=\"wp-block-heading\"><span class=\"HwtZe\" lang=\"et\"><span class=\"jCAhz ChMk0b\"><span class=\"ryNqvb\">3. Kolmanda osapoole k\u00fcpsised<\/span><\/span><\/span><\/h2>\r\n\r\n\r\n\r\n<p>Veebilehele integreeritud videod v\u00f5ivad tulla allikatest nagu Youtube &amp; Vimeo. Kui olete n\u00f5ustunud k\u00f5ikide k\u00fcpsistega siis antud teenusepakkujad v\u00f5ivad paigaldada enda poolseid k\u00fcpsiseid n\u00e4iteks tuvastamaks kasutaja seadet ja koguda anal\u00fc\u00fctikat<\/p>\r\n\r\n\r\n\r\n<h2 class=\"wp-block-heading\"><span class=\"HwtZe\" lang=\"et\"><span class=\"jCAhz ChMk0b\"><span class=\"ryNqvb\">4. K\u00fcpsiste haldamine ja keelamine<\/span><\/span><\/span><\/h2>\r\n\r\n\r\n\r\n<p><span class=\"HwtZe\" lang=\"et\"><span class=\"jCAhz ChMk0b\"><span class=\"ryNqvb\">Saate k\u00fcpsiseid hallata v\u00f5i keelata oma brauseri seadete kaudu.<\/span><\/span> <span class=\"jCAhz ChMk0b\"><span class=\"ryNqvb\">Teatud k\u00fcpsiste keelamine v\u00f5ib siiski m\u00f5jutada teie v\u00f5imet kasutada m\u00f5ningaid meie veebisaidi funktsioone. <\/span><\/span><span class=\"jCAhz ChMk0b\"><span class=\"ryNqvb\">Lisaks saate oma eelistusi igal ajal muuta, kl\u00f5psates meie veebisaidi jaluses nuppu &#8220;Muuda k\u00fcpsiste s\u00e4tteid&#8221;. <\/span><\/span><span class=\"jCAhz ChMk0b\"><span class=\"ryNqvb\">Lisateavet brauseris k\u00fcpsiste haldamise kohta leiate j\u00e4rgmistest juhenditest:<\/span><\/span><\/span><\/p>\r\n<p><a href=\"https:\/\/support.google.com\/chrome\/answer\/95647?hl=en&amp;co=GENIE.Platform%3DDesktop\">Chrome<\/a><br \/><a href=\"https:\/\/support.mozilla.org\/en-US\/kb\/block-websites-storing-cookies-site-data-firefox\">Firefox<\/a><br \/><a href=\"https:\/\/help.apple.com\/safari\/mac\/8.0\/en.lproj\/sfri11471.html\">Safari<\/a><br \/><a href=\"https:\/\/support.microsoft.com\/en-us\/windows\/manage-cookies-in-microsoft-edge-view-allow-block-delete-and-use-168dab11-0753-043d-7c16-ede5947fc64d\">Edge<\/a><\/p>\r\n\r\n\r\n\r\n<h2 class=\"wp-block-heading\"><span class=\"HwtZe\" lang=\"et\"><span class=\"jCAhz\"><span class=\"ryNqvb\">5.K\u00fcpsiste kasutamise\u00a0 poliitika uuendamine<\/span><\/span><\/span><\/h2>\r\n\r\n\r\n\r\n<p><span class=\"HwtZe\" lang=\"et\"><span class=\"jCAhz ChMk0b\"><span class=\"ryNqvb\">V\u00f5ime seda k\u00fcpsiste poliitikat aeg-ajalt v\u00e4rskendada.<\/span><\/span> <span class=\"jCAhz ChMk0b\"><span class=\"ryNqvb\">K\u00f5ik muudatused kajastuvad sellel lehel.<\/span><\/span><\/span><\/p>\r\n\r\n\r\n\r\n<p>&nbsp;<\/p>\r\n<p>Kuup\u00e4ev: April 20, 2025<\/p>\r\n<p>&nbsp;<\/p>","protected":false},"excerpt":{"rendered":"<p>K\u00fcpsiste kasutamise poliitika See k\u00fcpsisepoliitika selgitab, kuidas BEH GROUP O\u00dc (\u201cmeie\u201d, \u201cmeie\u201d v\u00f5i \u201cmeie\u201d) kasutab k\u00fcpsiseid ja sarnaseid tehnoloogiaid, et teid meie veebisaidi k\u00fclastamisel \u00e4ra tunda. See selgitab, mis on k\u00fcpsised, miks me neid kasutame ja kuidas saate neid kontrollida. 1. Mis on k\u00fcpsised? K\u00fcpsised on v\u00e4ikesed andmefailid, mis asetatakse teie arvutisse v\u00f5i mobiilseadmesse, kui [&hellip;]<\/p>\n","protected":false},"author":1,"featured_media":0,"parent":0,"menu_order":0,"comment_status":"closed","ping_status":"closed","template":"page-templates\/homepage.php","meta":{"footnotes":""},"class_list":["post-12314","page","type-page","status-publish","hentry"],"yoast_head":"<!-- This site is optimized with the Yoast SEO plugin v27.3 - https:\/\/yoast.com\/product\/yoast-seo-wordpress\/ -->\n<title>Cookie Policy - Vossenstudios.com<\/title>\n<meta name=\"robots\" content=\"noindex, nofollow\" \/>\n<meta property=\"og:locale\" content=\"en_GB\" \/>\n<meta property=\"og:type\" content=\"article\" \/>\n<meta property=\"og:title\" content=\"Cookie Policy - Vossenstudios.com\" \/>\n<meta property=\"og:description\" content=\"K\u00fcpsiste kasutamise poliitika See k\u00fcpsisepoliitika selgitab, kuidas BEH GROUP O\u00dc (\u201cmeie\u201d, \u201cmeie\u201d v\u00f5i \u201cmeie\u201d) kasutab k\u00fcpsiseid ja sarnaseid tehnoloogiaid, et teid meie veebisaidi k\u00fclastamisel \u00e4ra tunda. See selgitab, mis on k\u00fcpsised, miks me neid kasutame ja kuidas saate neid kontrollida. 1. Mis on k\u00fcpsised? K\u00fcpsised on v\u00e4ikesed andmefailid, mis asetatakse teie arvutisse v\u00f5i mobiilseadmesse, kui [&hellip;]\" \/>\n<meta property=\"og:url\" content=\"https:\/\/vossenstudios.com\/eng\/cookie-policy\/\" \/>\n<meta property=\"og:site_name\" content=\"Vossenstudios.com\" \/>\n<meta property=\"article:modified_time\" content=\"2025-10-21T01:19:02+00:00\" \/>\n<meta name=\"twitter:card\" content=\"summary_large_image\" \/>\n<meta name=\"twitter:label1\" content=\"Estimated reading time\" \/>\n\t<meta name=\"twitter:data1\" content=\"2 minutes\" \/>\n<script type=\"application\/ld+json\" class=\"yoast-schema-graph\">{\"@context\":\"https:\\\/\\\/schema.org\",\"@graph\":[{\"@type\":\"WebPage\",\"@id\":\"https:\\\/\\\/vossenstudios.com\\\/eng\\\/cookie-policy\\\/\",\"url\":\"https:\\\/\\\/vossenstudios.com\\\/eng\\\/cookie-policy\\\/\",\"name\":\"Cookie Policy - Vossenstudios.com\",\"isPartOf\":{\"@id\":\"https:\\\/\\\/vossenstudios.com\\\/eng\\\/#website\"},\"datePublished\":\"2025-04-20T11:07:55+00:00\",\"dateModified\":\"2025-10-21T01:19:02+00:00\",\"breadcrumb\":{\"@id\":\"https:\\\/\\\/vossenstudios.com\\\/eng\\\/cookie-policy\\\/#breadcrumb\"},\"inLanguage\":\"en-GB\",\"potentialAction\":[{\"@type\":\"ReadAction\",\"target\":[\"https:\\\/\\\/vossenstudios.com\\\/eng\\\/cookie-policy\\\/\"]}]},{\"@type\":\"BreadcrumbList\",\"@id\":\"https:\\\/\\\/vossenstudios.com\\\/eng\\\/cookie-policy\\\/#breadcrumb\",\"itemListElement\":[{\"@type\":\"ListItem\",\"position\":1,\"name\":\"Home\",\"item\":\"https:\\\/\\\/vossenstudios.com\\\/eng\\\/\"},{\"@type\":\"ListItem\",\"position\":2,\"name\":\"Cookie Policy\"}]},{\"@type\":\"WebSite\",\"@id\":\"https:\\\/\\\/vossenstudios.com\\\/eng\\\/#website\",\"url\":\"https:\\\/\\\/vossenstudios.com\\\/eng\\\/\",\"name\":\"Vossenstudios.com\",\"description\":\"Web development &amp; advertising solutions for small business owners\",\"publisher\":{\"@id\":\"https:\\\/\\\/vossenstudios.com\\\/eng\\\/#organization\"},\"potentialAction\":[{\"@type\":\"SearchAction\",\"target\":{\"@type\":\"EntryPoint\",\"urlTemplate\":\"https:\\\/\\\/vossenstudios.com\\\/eng\\\/?s={search_term_string}\"},\"query-input\":{\"@type\":\"PropertyValueSpecification\",\"valueRequired\":true,\"valueName\":\"search_term_string\"}}],\"inLanguage\":\"en-GB\"},{\"@type\":\"Organization\",\"@id\":\"https:\\\/\\\/vossenstudios.com\\\/eng\\\/#organization\",\"name\":\"Vossenstudios.com\",\"url\":\"https:\\\/\\\/vossenstudios.com\\\/eng\\\/\",\"logo\":{\"@type\":\"ImageObject\",\"inLanguage\":\"en-GB\",\"@id\":\"https:\\\/\\\/vossenstudios.com\\\/eng\\\/#\\\/schema\\\/logo\\\/image\\\/\",\"url\":\"https:\\\/\\\/vossenstudios.com\\\/eng\\\/wp-content\\\/uploads\\\/2024\\\/06\\\/vcg-preloader-logo.avif\",\"contentUrl\":\"https:\\\/\\\/vossenstudios.com\\\/eng\\\/wp-content\\\/uploads\\\/2024\\\/06\\\/vcg-preloader-logo.avif\",\"width\":500,\"height\":167,\"caption\":\"Vossenstudios.com\"},\"image\":{\"@id\":\"https:\\\/\\\/vossenstudios.com\\\/eng\\\/#\\\/schema\\\/logo\\\/image\\\/\"}}]}<\/script>\n<!-- \/ Yoast SEO plugin. -->","yoast_head_json":{"title":"Cookie Policy - Vossenstudios.com","robots":{"index":"noindex","follow":"nofollow"},"og_locale":"en_GB","og_type":"article","og_title":"Cookie Policy - Vossenstudios.com","og_description":"K\u00fcpsiste kasutamise poliitika See k\u00fcpsisepoliitika selgitab, kuidas BEH GROUP O\u00dc (\u201cmeie\u201d, \u201cmeie\u201d v\u00f5i \u201cmeie\u201d) kasutab k\u00fcpsiseid ja sarnaseid tehnoloogiaid, et teid meie veebisaidi k\u00fclastamisel \u00e4ra tunda. See selgitab, mis on k\u00fcpsised, miks me neid kasutame ja kuidas saate neid kontrollida. 1. Mis on k\u00fcpsised? K\u00fcpsised on v\u00e4ikesed andmefailid, mis asetatakse teie arvutisse v\u00f5i mobiilseadmesse, kui [&hellip;]","og_url":"https:\/\/vossenstudios.com\/eng\/cookie-policy\/","og_site_name":"Vossenstudios.com","article_modified_time":"2025-10-21T01:19:02+00:00","twitter_card":"summary_large_image","twitter_misc":{"Estimated reading time":"2 minutes"},"schema":{"@context":"https:\/\/schema.org","@graph":[{"@type":"WebPage","@id":"https:\/\/vossenstudios.com\/eng\/cookie-policy\/","url":"https:\/\/vossenstudios.com\/eng\/cookie-policy\/","name":"Cookie Policy - Vossenstudios.com","isPartOf":{"@id":"https:\/\/vossenstudios.com\/eng\/#website"},"datePublished":"2025-04-20T11:07:55+00:00","dateModified":"2025-10-21T01:19:02+00:00","breadcrumb":{"@id":"https:\/\/vossenstudios.com\/eng\/cookie-policy\/#breadcrumb"},"inLanguage":"en-GB","potentialAction":[{"@type":"ReadAction","target":["https:\/\/vossenstudios.com\/eng\/cookie-policy\/"]}]},{"@type":"BreadcrumbList","@id":"https:\/\/vossenstudios.com\/eng\/cookie-policy\/#breadcrumb","itemListElement":[{"@type":"ListItem","position":1,"name":"Home","item":"https:\/\/vossenstudios.com\/eng\/"},{"@type":"ListItem","position":2,"name":"Cookie Policy"}]},{"@type":"WebSite","@id":"https:\/\/vossenstudios.com\/eng\/#website","url":"https:\/\/vossenstudios.com\/eng\/","name":"Vossenstudios.com","description":"Web development &amp; advertising solutions for small business owners","publisher":{"@id":"https:\/\/vossenstudios.com\/eng\/#organization"},"potentialAction":[{"@type":"SearchAction","target":{"@type":"EntryPoint","urlTemplate":"https:\/\/vossenstudios.com\/eng\/?s={search_term_string}"},"query-input":{"@type":"PropertyValueSpecification","valueRequired":true,"valueName":"search_term_string"}}],"inLanguage":"en-GB"},{"@type":"Organization","@id":"https:\/\/vossenstudios.com\/eng\/#organization","name":"Vossenstudios.com","url":"https:\/\/vossenstudios.com\/eng\/","logo":{"@type":"ImageObject","inLanguage":"en-GB","@id":"https:\/\/vossenstudios.com\/eng\/#\/schema\/logo\/image\/","url":"https:\/\/vossenstudios.com\/eng\/wp-content\/uploads\/2024\/06\/vcg-preloader-logo.avif","contentUrl":"https:\/\/vossenstudios.com\/eng\/wp-content\/uploads\/2024\/06\/vcg-preloader-logo.avif","width":500,"height":167,"caption":"Vossenstudios.com"},"image":{"@id":"https:\/\/vossenstudios.com\/eng\/#\/schema\/logo\/image\/"}}]}},"_links":{"self":[{"href":"https:\/\/vossenstudios.com\/eng\/wp-json\/wp\/v2\/pages\/12314","targetHints":{"allow":["GET"]}}],"collection":[{"href":"https:\/\/vossenstudios.com\/eng\/wp-json\/wp\/v2\/pages"}],"about":[{"href":"https:\/\/vossenstudios.com\/eng\/wp-json\/wp\/v2\/types\/page"}],"author":[{"embeddable":true,"href":"https:\/\/vossenstudios.com\/eng\/wp-json\/wp\/v2\/users\/1"}],"replies":[{"embeddable":true,"href":"https:\/\/vossenstudios.com\/eng\/wp-json\/wp\/v2\/comments?post=12314"}],"version-history":[{"count":3,"href":"https:\/\/vossenstudios.com\/eng\/wp-json\/wp\/v2\/pages\/12314\/revisions"}],"predecessor-version":[{"id":19526,"href":"https:\/\/vossenstudios.com\/eng\/wp-json\/wp\/v2\/pages\/12314\/revisions\/19526"}],"wp:attachment":[{"href":"https:\/\/vossenstudios.com\/eng\/wp-json\/wp\/v2\/media?parent=12314"}],"curies":[{"name":"wp","href":"https:\/\/api.w.org\/{rel}","templated":true}]}}